{"id":2513,"date":"2018-07-20T11:38:54","date_gmt":"2018-07-20T11:38:54","guid":{"rendered":"http:\/\/localhost\/jtmgroup\/contactos\/"},"modified":"2022-11-28T15:22:19","modified_gmt":"2022-11-28T15:22:19","slug":"contactos","status":"publish","type":"page","link":"https:\/\/jtm-group.zyrgon.dev\/es\/contactos\/","title":{"rendered":"Contactos"},"content":{"rendered":"<p>Nuestros contactos est\u00e1n a su disposici\u00f3n para que pueda hablar con nosotros en cualquier momento. Estamos a su disposici\u00f3n para aclarar cualquier duda por tel\u00e9fono, correo electr\u00f3nico o presencialmente.<\/p>\n<p>Consulte nuestras ubicaciones para que nos pueda encontrar:<\/p>\n<p>HEAD QUARTERS<br \/>\nRua Antero de Quental 221 &#8211; 2\u00ba Piso<br \/>\nEdif\u00edcio Hermes<br \/>\n4455-586 Perafita<\/p>\n<p>Tel: +351 229 999 800<br \/>\nFax: +351 229 999 809<br \/>\nEmerg\u00eancia: +351 912 382 595<br \/>\nEmail: opo@jtmsa.com<\/p>\n<p>LISBOA<br \/>\nBRANCH OFFICE<\/p>\n<p>Avenida da Mague 2, Lj, 2<br \/>\n2615-043 Alverca do Ribatejo<\/p>\n<p>Tel: +351 219 588 700<br \/>\nEmerg\u00eancia:<br \/>\n+351 912 382 595<br \/>\nEmail: lis@jtmsa.com<\/p>\n<p>MADRID<br \/>\nHEAD OFFICE<\/p>\n<p>Avda. Sur del Aero. de Barajas 16, 5\u00baB<br \/>\nCentro de Negocios Eisenhower<br \/>\n28042 Barajas<\/p>\n<p>Tel: +34 910 991 330<br \/>\nEmerg\u00eancia:<br \/>\n+34 619 874 080<br \/>\nEmail: mad@jtmsa.com<\/p>\n<p>ZARAGOZA<br \/>\nBRANCH OFFICE<\/p>\n<p>Aero. de Zaragoza<br \/>\nCarretera Garrapinillos s\/n<br \/>\nZona de Carga A\u00e9rea<br \/>\n50190 Zaragoza<\/p>\n<p>Tel: +34 619 874 080<br \/>\nEmail: zaz@jtmsa.com<\/p>\n<p>MIAMI<br \/>\nHEAD OFFICE | WAREHOUSE<\/p>\n<p>2792 NW 24th Street<br \/>\nSuite 2<br \/>\nMiami, FL-33142<\/p>\n<p>Tel: +1 (786) 636 8265<br \/>\nEmail: info@jtmsa.us<\/p>\n","protected":false},"excerpt":{"rendered":"<p class=\"post-excerpt\">Nuestros contactos est\u00e1n a su disposici\u00f3n para que pueda hablar con nosotros en cualquier momento&#8230;.<\/p>\n","protected":false},"author":2,"featured_media":4344,"parent":0,"menu_order":0,"comment_status":"closed","ping_status":"closed","template":"template-contactos.php","meta":{"_acf_changed":false,"footnotes":""},"acf":[],"yoast_head":"<!-- This site is optimized with the Yoast SEO plugin v23.0 - https:\/\/yoast.com\/wordpress\/plugins\/seo\/ -->\n<title>Contactos y Localizaci\u00f3n | Cont\u00e1ctenos | JTM Group<\/title>\n<meta name=\"description\" content=\"Utilice nuestros contactos para aclarar sus dudas, p\u00f3ngase en contacto con nosotros y conozca m\u00e1s sobre el JTM Group.\" \/>\n<meta name=\"robots\" content=\"noindex, follow, max-snippet:-1, max-image-preview:large, max-video-preview:-1\" \/>\n<meta property=\"og:locale\" content=\"es_ES\" \/>\n<meta property=\"og:type\" content=\"article\" \/>\n<meta property=\"og:title\" content=\"Contactos y Localizaci\u00f3n | Cont\u00e1ctenos | JTM Group\" \/>\n<meta property=\"og:description\" content=\"Utilice nuestros contactos para aclarar sus dudas, p\u00f3ngase en contacto con nosotros y conozca m\u00e1s sobre el JTM Group.\" \/>\n<meta property=\"og:url\" content=\"https:\/\/jtm-group.zyrgon.dev\/contactos\/\" \/>\n<meta property=\"og:site_name\" content=\"JTM Group\" \/>\n<meta property=\"article:modified_time\" content=\"2022-11-28T15:22:19+00:00\" \/>\n<meta property=\"og:image\" content=\"https:\/\/jtm-group.zyrgon.dev\/wp-content\/uploads\/contactos-banner-new.jpg\" \/>\n\t<meta property=\"og:image:width\" content=\"1500\" \/>\n\t<meta property=\"og:image:height\" content=\"500\" \/>\n\t<meta property=\"og:image:type\" content=\"image\/jpeg\" \/>\n<meta name=\"twitter:card\" content=\"summary_large_image\" \/>\n<meta name=\"twitter:label1\" content=\"Tiempo de lectura\" \/>\n\t<meta name=\"twitter:data1\" content=\"1 minuto\" \/>\n<script type=\"application\/ld+json\" class=\"yoast-schema-graph\">{\"@context\":\"https:\/\/schema.org\",\"@graph\":[{\"@type\":\"WebPage\",\"@id\":\"https:\/\/jtm-group.zyrgon.dev\/contactos\/\",\"url\":\"https:\/\/jtm-group.zyrgon.dev\/contactos\/\",\"name\":\"Contactos y Localizaci\u00f3n | Cont\u00e1ctenos | JTM Group\",\"isPartOf\":{\"@id\":\"https:\/\/jtm-group.zyrgon.dev\/#website\"},\"primaryImageOfPage\":{\"@id\":\"https:\/\/jtm-group.zyrgon.dev\/contactos\/#primaryimage\"},\"image\":{\"@id\":\"https:\/\/jtm-group.zyrgon.dev\/contactos\/#primaryimage\"},\"thumbnailUrl\":\"https:\/\/jtm-group.zyrgon.dev\/wp-content\/uploads\/contactos-banner-new.jpg\",\"datePublished\":\"2018-07-20T11:38:54+00:00\",\"dateModified\":\"2022-11-28T15:22:19+00:00\",\"description\":\"Utilice nuestros contactos para aclarar sus dudas, p\u00f3ngase en contacto con nosotros y conozca m\u00e1s sobre el JTM Group.\",\"breadcrumb\":{\"@id\":\"https:\/\/jtm-group.zyrgon.dev\/contactos\/#breadcrumb\"},\"inLanguage\":\"es\",\"potentialAction\":[{\"@type\":\"ReadAction\",\"target\":[\"https:\/\/jtm-group.zyrgon.dev\/contactos\/\"]}]},{\"@type\":\"ImageObject\",\"inLanguage\":\"es\",\"@id\":\"https:\/\/jtm-group.zyrgon.dev\/contactos\/#primaryimage\",\"url\":\"https:\/\/jtm-group.zyrgon.dev\/wp-content\/uploads\/contactos-banner-new.jpg\",\"contentUrl\":\"https:\/\/jtm-group.zyrgon.dev\/wp-content\/uploads\/contactos-banner-new.jpg\",\"width\":1500,\"height\":500,\"caption\":\"Contactos\"},{\"@type\":\"BreadcrumbList\",\"@id\":\"https:\/\/jtm-group.zyrgon.dev\/contactos\/#breadcrumb\",\"itemListElement\":[{\"@type\":\"ListItem\",\"position\":1,\"name\":\"In\u00edcio\",\"item\":\"https:\/\/jtm-group.zyrgon.dev\/\"},{\"@type\":\"ListItem\",\"position\":2,\"name\":\"Contactos\"}]},{\"@type\":\"WebSite\",\"@id\":\"https:\/\/jtm-group.zyrgon.dev\/#website\",\"url\":\"https:\/\/jtm-group.zyrgon.dev\/\",\"name\":\"JTM Group\",\"description\":\"When there is a will, there is a way...\",\"publisher\":{\"@id\":\"https:\/\/jtm-group.zyrgon.dev\/#organization\"},\"potentialAction\":[{\"@type\":\"SearchAction\",\"target\":{\"@type\":\"EntryPoint\",\"urlTemplate\":\"https:\/\/jtm-group.zyrgon.dev\/?s={search_term_string}\"},\"query-input\":\"required name=search_term_string\"}],\"inLanguage\":\"es\"},{\"@type\":\"Organization\",\"@id\":\"https:\/\/jtm-group.zyrgon.dev\/#organization\",\"name\":\"JTM Group\",\"url\":\"https:\/\/jtm-group.zyrgon.dev\/\",\"logo\":{\"@type\":\"ImageObject\",\"inLanguage\":\"es\",\"@id\":\"https:\/\/jtm-group.zyrgon.dev\/#\/schema\/logo\/image\/\",\"url\":\"https:\/\/jtm-group.zyrgon.dev\/wp-content\/uploads\/logo_black.png\",\"contentUrl\":\"https:\/\/jtm-group.zyrgon.dev\/wp-content\/uploads\/logo_black.png\",\"width\":175,\"height\":78,\"caption\":\"JTM Group\"},\"image\":{\"@id\":\"https:\/\/jtm-group.zyrgon.dev\/#\/schema\/logo\/image\/\"}}]}<\/script>\n<!-- \/ Yoast SEO plugin. -->","yoast_head_json":{"title":"Contactos y Localizaci\u00f3n | Cont\u00e1ctenos | JTM Group","description":"Utilice nuestros contactos para aclarar sus dudas, p\u00f3ngase en contacto con nosotros y conozca m\u00e1s sobre el JTM Group.","robots":{"index":"noindex","follow":"follow","max-snippet":"max-snippet:-1","max-image-preview":"max-image-preview:large","max-video-preview":"max-video-preview:-1"},"og_locale":"es_ES","og_type":"article","og_title":"Contactos y Localizaci\u00f3n | Cont\u00e1ctenos | JTM Group","og_description":"Utilice nuestros contactos para aclarar sus dudas, p\u00f3ngase en contacto con nosotros y conozca m\u00e1s sobre el JTM Group.","og_url":"https:\/\/jtm-group.zyrgon.dev\/contactos\/","og_site_name":"JTM Group","article_modified_time":"2022-11-28T15:22:19+00:00","og_image":[{"width":1500,"height":500,"url":"https:\/\/jtm-group.zyrgon.dev\/wp-content\/uploads\/contactos-banner-new.jpg","type":"image\/jpeg"}],"twitter_card":"summary_large_image","twitter_misc":{"Tiempo de lectura":"1 minuto"},"schema":{"@context":"https:\/\/schema.org","@graph":[{"@type":"WebPage","@id":"https:\/\/jtm-group.zyrgon.dev\/contactos\/","url":"https:\/\/jtm-group.zyrgon.dev\/contactos\/","name":"Contactos y Localizaci\u00f3n | Cont\u00e1ctenos | JTM Group","isPartOf":{"@id":"https:\/\/jtm-group.zyrgon.dev\/#website"},"primaryImageOfPage":{"@id":"https:\/\/jtm-group.zyrgon.dev\/contactos\/#primaryimage"},"image":{"@id":"https:\/\/jtm-group.zyrgon.dev\/contactos\/#primaryimage"},"thumbnailUrl":"https:\/\/jtm-group.zyrgon.dev\/wp-content\/uploads\/contactos-banner-new.jpg","datePublished":"2018-07-20T11:38:54+00:00","dateModified":"2022-11-28T15:22:19+00:00","description":"Utilice nuestros contactos para aclarar sus dudas, p\u00f3ngase en contacto con nosotros y conozca m\u00e1s sobre el JTM Group.","breadcrumb":{"@id":"https:\/\/jtm-group.zyrgon.dev\/contactos\/#breadcrumb"},"inLanguage":"es","potentialAction":[{"@type":"ReadAction","target":["https:\/\/jtm-group.zyrgon.dev\/contactos\/"]}]},{"@type":"ImageObject","inLanguage":"es","@id":"https:\/\/jtm-group.zyrgon.dev\/contactos\/#primaryimage","url":"https:\/\/jtm-group.zyrgon.dev\/wp-content\/uploads\/contactos-banner-new.jpg","contentUrl":"https:\/\/jtm-group.zyrgon.dev\/wp-content\/uploads\/contactos-banner-new.jpg","width":1500,"height":500,"caption":"Contactos"},{"@type":"BreadcrumbList","@id":"https:\/\/jtm-group.zyrgon.dev\/contactos\/#breadcrumb","itemListElement":[{"@type":"ListItem","position":1,"name":"In\u00edcio","item":"https:\/\/jtm-group.zyrgon.dev\/"},{"@type":"ListItem","position":2,"name":"Contactos"}]},{"@type":"WebSite","@id":"https:\/\/jtm-group.zyrgon.dev\/#website","url":"https:\/\/jtm-group.zyrgon.dev\/","name":"JTM Group","description":"When there is a will, there is a way...","publisher":{"@id":"https:\/\/jtm-group.zyrgon.dev\/#organization"},"potentialAction":[{"@type":"SearchAction","target":{"@type":"EntryPoint","urlTemplate":"https:\/\/jtm-group.zyrgon.dev\/?s={search_term_string}"},"query-input":"required name=search_term_string"}],"inLanguage":"es"},{"@type":"Organization","@id":"https:\/\/jtm-group.zyrgon.dev\/#organization","name":"JTM Group","url":"https:\/\/jtm-group.zyrgon.dev\/","logo":{"@type":"ImageObject","inLanguage":"es","@id":"https:\/\/jtm-group.zyrgon.dev\/#\/schema\/logo\/image\/","url":"https:\/\/jtm-group.zyrgon.dev\/wp-content\/uploads\/logo_black.png","contentUrl":"https:\/\/jtm-group.zyrgon.dev\/wp-content\/uploads\/logo_black.png","width":175,"height":78,"caption":"JTM Group"},"image":{"@id":"https:\/\/jtm-group.zyrgon.dev\/#\/schema\/logo\/image\/"}}]}},"_links":{"self":[{"href":"https:\/\/jtm-group.zyrgon.dev\/es\/wp-json\/wp\/v2\/pages\/2513"}],"collection":[{"href":"https:\/\/jtm-group.zyrgon.dev\/es\/wp-json\/wp\/v2\/pages"}],"about":[{"href":"https:\/\/jtm-group.zyrgon.dev\/es\/wp-json\/wp\/v2\/types\/page"}],"author":[{"embeddable":true,"href":"https:\/\/jtm-group.zyrgon.dev\/es\/wp-json\/wp\/v2\/users\/2"}],"replies":[{"embeddable":true,"href":"https:\/\/jtm-group.zyrgon.dev\/es\/wp-json\/wp\/v2\/comments?post=2513"}],"version-history":[{"count":1,"href":"https:\/\/jtm-group.zyrgon.dev\/es\/wp-json\/wp\/v2\/pages\/2513\/revisions"}],"predecessor-version":[{"id":5568,"href":"https:\/\/jtm-group.zyrgon.dev\/es\/wp-json\/wp\/v2\/pages\/2513\/revisions\/5568"}],"wp:featuredmedia":[{"embeddable":true,"href":"https:\/\/jtm-group.zyrgon.dev\/es\/wp-json\/wp\/v2\/media\/4344"}],"wp:attachment":[{"href":"https:\/\/jtm-group.zyrgon.dev\/es\/wp-json\/wp\/v2\/media?parent=2513"}],"curies":[{"name":"wp","href":"https:\/\/api.w.org\/{rel}","templated":true}]}}