{"id":2353,"date":"2018-08-30T14:47:43","date_gmt":"2018-08-30T14:47:43","guid":{"rendered":"http:\/\/localhost\/jtmgroup\/termos-condicoes\/"},"modified":"2021-06-29T10:33:12","modified_gmt":"2021-06-29T10:33:12","slug":"terminos-y-condiciones","status":"publish","type":"page","link":"https:\/\/jtm-group.zyrgon.dev\/es\/terminos-y-condiciones\/","title":{"rendered":"T\u00e9rminos y Condiciones"},"content":{"rendered":"<p>Agradecemos su visita a nuestro sitio web. El uso de este sitio web implica la aceptaci\u00f3n de los siguientes t\u00e9rminos y condiciones.<\/p>\n<h4>EXACTA, INTEGRIDAD Y TEMPORALIDAD DE INFORMACI\u00d3N<\/h4>\n<p>Aunque se utilizan todos los medios a nuestro alcance para garantizar la integridad de la informaci\u00f3n, no asumimos, en ning\u00fan caso, la responsabilidad si la informaci\u00f3n disponible no es exacta o completa.<\/p>\n<p>Cualquier modificaci\u00f3n que haga al contenido disponible en esta p\u00e1gina web ser\u00e1 efectuada por su cuenta y riesgo, siendo as\u00ed responsable de tales cambios.<\/p>\n<h4>TRANSMISI\u00d3N DE DATOS<\/h4>\n<p>Cualquier contenido o comunicaci\u00f3n de datos no personales que nos env\u00ede a trav\u00e9s de correo electr\u00f3nico o cualquier otro medio, conteniendo datos, preguntas, comentarios, sugerencias o similares ser\u00e1n tratados como datos no confidenciales y sin derechos de propiedad.<\/p>\n<p>Toda y cualquier informaci\u00f3n que nos env\u00ede o que coloque en nuestro sitio web se convierta en propiedad de www.jtmsa.com y podr\u00e1 ser usada en cualquier circunstancia, incluyendo la divulgaci\u00f3n, reproducci\u00f3n, transmisi\u00f3n, publicaci\u00f3n, difusi\u00f3n y colocaci\u00f3n de contenidos en la web. www.jtmsa.com es totalmente libre de usar, para cualquier prop\u00f3sito que considere oportuno (incluyendo, pero no limitado a, desarrollo, producci\u00f3n, publicidad y marketing de productos), las ideas, trabajos creativos, invenciones, desarrollo, sugerencias, y conceptos en general presentes en cualquier comunicaci\u00f3n que nos env\u00ede. El uso de estos contenidos est\u00e1 exento de compensaciones monetarias a la parte que proporcion\u00f3 la informaci\u00f3n.<\/p>\n<p>Cuando env\u00eda informaci\u00f3n en el sitio web de www.jtmsa.com, garantiza al mismo tiempo que los contenidos de la misma son de su responsabilidad y no difamatorios, y que el uso por parte de JTM Group no violar\u00e1 ning\u00fan derecho de terceros ni la legislaci\u00f3n aplicable. JTM Group no est\u00e1 obligada a utilizar la informaci\u00f3n disponible.<\/p>\n<h4>DERECHOS DE PROPIEDAD INTELECTUAL<\/h4>\n<p>Todos los derechos de autor y dem\u00e1s derechos de propiedad intelectual inherentes a los textos, im\u00e1genes y otros contenidos en general, compartidos en este sitio web, son propiedad de JTM Group o utilizados por \u00e9sta con la autorizaci\u00f3n del propietario.<\/p>\n<p>Est\u00e1 autorizado a navegar, a reproducir extractos de contenido de este sitio web mediante la impresi\u00f3n y descarga en un disco duro, con el fin de divulgar a otros individuos. Esta situaci\u00f3n s\u00f3lo est\u00e1 permitida a condici\u00f3n de respetar los derechos de autor y otros derechos intelectuales, y siempre que se haga una menci\u00f3n a la marca descrita en dichas reproducciones. La reproducci\u00f3n total o parcial del sitio web con fines comerciales est\u00e1 prohibida, as\u00ed como su alteraci\u00f3n e incorporaci\u00f3n en cualquier otro art\u00edculo, publicaci\u00f3n o sitio web.<\/p>\n<p>Ning\u00fan contenido de este sitio web puede ser interpretado en el sentido de la concesi\u00f3n de una licencia, autorizaci\u00f3n o derecho para usar cualquier marca registrada mencionada. El uso o uso incorrecto o abusivo de la marca o de cualquier otro contenido de este sitio web est\u00e1 expresamente prohibido, excepto en la forma prevista en estos T\u00e9rminos y Condiciones. Www.jtmsa.com utilizar\u00e1 todos los mecanismos legales para proteger y reforzar sus derechos de propiedad intelectual.<\/p>\n<h4>ENLACES DE ACCESO A OTROS SITIOS<\/h4>\n<p>En el sitio web de JTM Group podr\u00e1 encontrar enlaces de acceso a otros sitios web ajenos a www.jtmsa.com, por lo que no se aceptar\u00e1 www.jtmsa.com ninguna responsabilidad por el contenido, la exactitud, la credibilidad y las funcionalidades de los sitios web pertenecientes a terceros. La puesta a disposici\u00f3n de dichos enlaces se realiza de buena fe, no pudiendo a www.jtmsa.com ser responsabilizado por las modificaciones que se realicen en sitios web.<\/p>\n<p>Aconsejamos que se informe y lea la informaci\u00f3n legal y las Pol\u00edticas de Privacidad de todos los sitios web que visite.<\/p>\n<h4>GARANT\u00cdAS Y RENUNCIA DE RESPONSABILIDAD<\/h4>\n<p>La forma en que utiliza este sitio web y los contenidos en \u00e9l presentes es exclusivamente de su responsabilidad y riesgo.<\/p>\n<h4>GARANT\u00cdAS<\/h4>\n<p>Este sitio web est\u00e1 disponible con los contenidos e informaci\u00f3n que contiene actualmente. JTM Group no ofrece garant\u00edas de ning\u00fan tipo, incluyendo garant\u00edas o compromisos de que el contenido de esta p\u00e1gina web est\u00e9 completo, que el acceso a esta p\u00e1gina sea ininterrumpido o libre de errores, y que no contenga virus. No garantiza que el sitio web sea seguro y que cualquier consejo o opini\u00f3n de JTM Group, adquirido a trav\u00e9s de este sitio web sea totalmente fiable, por lo que www.jtmsa.com no asume ning\u00fan compromiso o garant\u00eda sobre los aspectos mencionados.<\/p>\n<p>Es importante que tenga en cuenta que, en algunas jurisdicciones, es posible que no se admiten exclusiones de garant\u00edas impl\u00edcitas, por lo que algunas de estas exclusiones pueden no ser aplicables.<\/p>\n<p>JTM Group se reserva el derecho de, en cualquier momento y sin previo aviso, restringir, suspender y \/ o cancelar el acceso al sitio web oa la parte del mismo ya cualquier funcionalidad presente en esta p\u00e1gina.<\/p>\n<h4>RESPONSABILIDAD<\/h4>\n<p>JTM Group y \/ o cualquier otra entidad involucrada en el proceso de creaci\u00f3n, producci\u00f3n y desarrollo de este sitio web, no ser\u00e1 responsable, en ning\u00fan caso, por da\u00f1os directos y \/ o indirectos, fortuitos, patrimoniales y \/ o no patrimoniales, por da\u00f1os emergentes y o cualquier otro perjuicio y \/ o coste, resultante de su acceso, uso o incapacidad de uso, de la modificaci\u00f3n al contenido de este sitio, de cualquier otro sitio web a que accede a trav\u00e9s de un enlace existente en este sitio web, causados \u200b\u200bpor cualquier medida que podamos adoptar, o dejar de adoptar, como consecuencia de un mensaje electr\u00f3nico que nos pueda haber enviado.<br \/>\nJTM Group no asume ning\u00fan tipo de responsabilidad por p\u00e9rdidas y \/ o da\u00f1os sufridos por virus que puedan afectar a su ordenador, debido al acceso, uso o descarga de contenidos de este sitio web. Si opta por efectuar descargas de contenido desde este sitio web, lo har\u00e1 bajo su propio riesgo.<\/p>\n<p>El usuario declara as\u00ed renunciar terminantemente a la presentaci\u00f3n de cualquier reclamaci\u00f3n contra JTM Group y sus responsables, que pueda resultar del uso o acceso a esta p\u00e1gina web.<\/p>\n<h4>ACTIVIDADES PROHIBIDAS<\/h4>\n<p>Se interrumpir\u00e1 cualquier actividad que considere JTM Group como inapropiada y \/ o que pueda ser ilegal de acuerdo con la legislaci\u00f3n aplicable a esta p\u00e1gina web, incluyendo, pero no limitado a:<\/p>\n<ul>\n<li style=\"list-style-type: none;\">\n<ul>\n<li>Cualquier acto que pueda consistir en la violaci\u00f3n de la privacidad (incluyendo el env\u00edo a este sitio de informaci\u00f3n privada sin el consentimiento de la persona en cuesti\u00f3n) o de cualquier otro derecho legal de personas f\u00edsicas;<\/li>\n<li>Utilizar este sitio web para difamar y \/ o injuriar a JTM Group, a sus colaboradores, u otras personas f\u00edsicas y \/ o colectivas, o actuar de manera que desacredite la reputaci\u00f3n de www.jtmsa.com;<\/li>\n<\/ul>\n<\/li>\n<\/ul>\n<p>Enviar a este sitio web archivos que contengan virus que puedan causar da\u00f1os a la propiedad de JTM Group oa la propiedad de personas f\u00edsicas;<\/p>\n<ul>\n<li>Colocar o transmitir a este sitio web cualquier contenido no autorizado, incluyendo, pero no limitado a, contenidos que causen, en nuestro entendimiento, da\u00f1os o perjuicios, o que violen los sistemas de seguridad de www.jtmsa.com o de terceros personas, contenidos que sean difamatorios, racistas, obscenos, amenazadores, de contenido pornogr\u00e1fico o que se presenten con contenidos susceptibles de ser calificados como il\u00edcitos en general.<\/li>\n<\/ul>\n<h4>JURISDICCI\u00d3N Y LEGISLACI\u00d3N APLICABLE<\/h4>\n<p>El www.jtmsa.com contenido y la informaci\u00f3n contenida en este sitio web se ponen a disposici\u00f3n s\u00f3lo a los usuarios en Portugal. Www.jtmsa.com no asume que este contenido e informaci\u00f3n sean apropiados o disponibles en otros pa\u00edses.<\/p>\n<p>El usuario de esta p\u00e1gina y www.jtmsa.com aceptan sin reservas que cualquier disputa o litigio resultante del uso de este sitio web se regir\u00e1n por la ley portuguesa, con la convenci\u00f3n como competentes, con renuncia expresa a cualquier otro, el tribunal de distrito de Lisboa , Portugal.<\/p>\n<p>En caso de litigio, de conformidad con la Ley n\u00ba 144\/2015 de 8 de septiembre, el consumidor podr\u00e1 recurrir a las siguientes Entidades de Resoluci\u00f3n Alternativa de Litigios de Consumo (RAL): &#8211; CNIACC &#8211; Centro Nacional de Informaci\u00f3n y Arbitraje de Conflictos el consumo; &#8211; Centro de Arbitraje de los litigios de consumo de Lisboa. Siendo que todas las informaciones y contactos est\u00e1n disponibles en el Portal del Consumidor en www.consumidor.com.<\/p>\n<h4>COOKIES<\/h4>\n<p>JTM Group utiliza tecnolog\u00eda de b\u00fasqueda a trav\u00e9s de Cookies. La Pol\u00edtica de JTM Group en el uso de cookies est\u00e1 definida en la Pol\u00edtica de Privacidad a la que se puede acceder a trav\u00e9s de este enlace.<\/p>\n<h4>CONTACTO<\/h4>\n<p>Para aclarar cualquier cuesti\u00f3n relacionada con los presentes t\u00e9rminos y condiciones de uso del sitio web de JTM Group, el usuario deber\u00e1 contactar al tel\u00e9fono general de JTM Group: +351 229 999 800<\/p>\n<h4>ACTUALIZACIONES LEGALES<\/h4>\n<p>Nos reservamos el derecho de modificar esta Pol\u00edtica de Privacidad. Por favor visite esta p\u00e1gina con regularidad para revisar la informaci\u00f3n contenida en el sitio web y cualquier informaci\u00f3n nueva.<\/p>\n<p>Estos T\u00e9rminos y Condiciones se revisaron y actualizaron el 24 de mayo de 2018.<\/p>\n","protected":false},"excerpt":{"rendered":"<p class=\"post-excerpt\">Agradecemos su visita a nuestro sitio web. El uso de este sitio web implica la&#8230;<\/p>\n","protected":false},"author":2,"featured_media":4370,"parent":0,"menu_order":0,"comment_status":"closed","ping_status":"closed","template":"","meta":{"_acf_changed":false,"footnotes":""},"acf":[],"yoast_head":"<!-- This site is optimized with the Yoast SEO plugin v23.0 - https:\/\/yoast.com\/wordpress\/plugins\/seo\/ -->\n<title>T\u00e9rminos y Condiciones | Pol\u00edtica de Privacidad | JTM Group<\/title>\n<meta name=\"description\" content=\"En esta p\u00e1gina del sitio web de JTM Group puede encontrar los T\u00e9rminos y Condiciones. Lea cuidadosamente para asegurarse de que respeta nuestro Grupo.\" \/>\n<meta name=\"robots\" content=\"noindex, follow, max-snippet:-1, max-image-preview:large, max-video-preview:-1\" \/>\n<meta property=\"og:locale\" content=\"es_ES\" \/>\n<meta property=\"og:type\" content=\"article\" \/>\n<meta property=\"og:title\" content=\"T\u00e9rminos y Condiciones | Pol\u00edtica de Privacidad | JTM Group\" \/>\n<meta property=\"og:description\" content=\"En esta p\u00e1gina del sitio web de JTM Group puede encontrar los T\u00e9rminos y Condiciones. Lea cuidadosamente para asegurarse de que respeta nuestro Grupo.\" \/>\n<meta property=\"og:url\" content=\"https:\/\/jtm-group.zyrgon.dev\/termos-condicoes\/\" \/>\n<meta property=\"og:site_name\" content=\"JTM Group\" \/>\n<meta property=\"article:modified_time\" content=\"2021-06-29T10:33:12+00:00\" \/>\n<meta property=\"og:image\" content=\"https:\/\/jtm-group.zyrgon.dev\/wp-content\/uploads\/termos-e-condicoes-banner-new.jpg\" \/>\n\t<meta property=\"og:image:width\" content=\"1500\" \/>\n\t<meta property=\"og:image:height\" content=\"500\" \/>\n\t<meta property=\"og:image:type\" content=\"image\/jpeg\" \/>\n<meta name=\"twitter:card\" content=\"summary_large_image\" \/>\n<meta name=\"twitter:label1\" content=\"Tiempo de lectura\" \/>\n\t<meta name=\"twitter:data1\" content=\"8 minutos\" \/>\n<script type=\"application\/ld+json\" class=\"yoast-schema-graph\">{\"@context\":\"https:\/\/schema.org\",\"@graph\":[{\"@type\":\"WebPage\",\"@id\":\"https:\/\/jtm-group.zyrgon.dev\/termos-condicoes\/\",\"url\":\"https:\/\/jtm-group.zyrgon.dev\/termos-condicoes\/\",\"name\":\"T\u00e9rminos y Condiciones | Pol\u00edtica de Privacidad | JTM Group\",\"isPartOf\":{\"@id\":\"https:\/\/jtm-group.zyrgon.dev\/#website\"},\"primaryImageOfPage\":{\"@id\":\"https:\/\/jtm-group.zyrgon.dev\/termos-condicoes\/#primaryimage\"},\"image\":{\"@id\":\"https:\/\/jtm-group.zyrgon.dev\/termos-condicoes\/#primaryimage\"},\"thumbnailUrl\":\"https:\/\/jtm-group.zyrgon.dev\/wp-content\/uploads\/termos-e-condicoes-banner-new.jpg\",\"datePublished\":\"2018-08-30T14:47:43+00:00\",\"dateModified\":\"2021-06-29T10:33:12+00:00\",\"description\":\"En esta p\u00e1gina del sitio web de JTM Group puede encontrar los T\u00e9rminos y Condiciones. Lea cuidadosamente para asegurarse de que respeta nuestro Grupo.\",\"breadcrumb\":{\"@id\":\"https:\/\/jtm-group.zyrgon.dev\/termos-condicoes\/#breadcrumb\"},\"inLanguage\":\"es\",\"potentialAction\":[{\"@type\":\"ReadAction\",\"target\":[\"https:\/\/jtm-group.zyrgon.dev\/termos-condicoes\/\"]}]},{\"@type\":\"ImageObject\",\"inLanguage\":\"es\",\"@id\":\"https:\/\/jtm-group.zyrgon.dev\/termos-condicoes\/#primaryimage\",\"url\":\"https:\/\/jtm-group.zyrgon.dev\/wp-content\/uploads\/termos-e-condicoes-banner-new.jpg\",\"contentUrl\":\"https:\/\/jtm-group.zyrgon.dev\/wp-content\/uploads\/termos-e-condicoes-banner-new.jpg\",\"width\":1500,\"height\":500,\"caption\":\"T\u00e9rminos y Condiciones\"},{\"@type\":\"BreadcrumbList\",\"@id\":\"https:\/\/jtm-group.zyrgon.dev\/termos-condicoes\/#breadcrumb\",\"itemListElement\":[{\"@type\":\"ListItem\",\"position\":1,\"name\":\"In\u00edcio\",\"item\":\"https:\/\/jtm-group.zyrgon.dev\/\"},{\"@type\":\"ListItem\",\"position\":2,\"name\":\"T\u00e9rminos y Condiciones\"}]},{\"@type\":\"WebSite\",\"@id\":\"https:\/\/jtm-group.zyrgon.dev\/#website\",\"url\":\"https:\/\/jtm-group.zyrgon.dev\/\",\"name\":\"JTM Group\",\"description\":\"When there is a will, there is a way...\",\"publisher\":{\"@id\":\"https:\/\/jtm-group.zyrgon.dev\/#organization\"},\"potentialAction\":[{\"@type\":\"SearchAction\",\"target\":{\"@type\":\"EntryPoint\",\"urlTemplate\":\"https:\/\/jtm-group.zyrgon.dev\/?s={search_term_string}\"},\"query-input\":\"required name=search_term_string\"}],\"inLanguage\":\"es\"},{\"@type\":\"Organization\",\"@id\":\"https:\/\/jtm-group.zyrgon.dev\/#organization\",\"name\":\"JTM Group\",\"url\":\"https:\/\/jtm-group.zyrgon.dev\/\",\"logo\":{\"@type\":\"ImageObject\",\"inLanguage\":\"es\",\"@id\":\"https:\/\/jtm-group.zyrgon.dev\/#\/schema\/logo\/image\/\",\"url\":\"https:\/\/jtm-group.zyrgon.dev\/wp-content\/uploads\/logo_black.png\",\"contentUrl\":\"https:\/\/jtm-group.zyrgon.dev\/wp-content\/uploads\/logo_black.png\",\"width\":175,\"height\":78,\"caption\":\"JTM Group\"},\"image\":{\"@id\":\"https:\/\/jtm-group.zyrgon.dev\/#\/schema\/logo\/image\/\"}}]}<\/script>\n<!-- \/ Yoast SEO plugin. -->","yoast_head_json":{"title":"T\u00e9rminos y Condiciones | Pol\u00edtica de Privacidad | JTM Group","description":"En esta p\u00e1gina del sitio web de JTM Group puede encontrar los T\u00e9rminos y Condiciones. Lea cuidadosamente para asegurarse de que respeta nuestro Grupo.","robots":{"index":"noindex","follow":"follow","max-snippet":"max-snippet:-1","max-image-preview":"max-image-preview:large","max-video-preview":"max-video-preview:-1"},"og_locale":"es_ES","og_type":"article","og_title":"T\u00e9rminos y Condiciones | Pol\u00edtica de Privacidad | JTM Group","og_description":"En esta p\u00e1gina del sitio web de JTM Group puede encontrar los T\u00e9rminos y Condiciones. Lea cuidadosamente para asegurarse de que respeta nuestro Grupo.","og_url":"https:\/\/jtm-group.zyrgon.dev\/termos-condicoes\/","og_site_name":"JTM Group","article_modified_time":"2021-06-29T10:33:12+00:00","og_image":[{"width":1500,"height":500,"url":"https:\/\/jtm-group.zyrgon.dev\/wp-content\/uploads\/termos-e-condicoes-banner-new.jpg","type":"image\/jpeg"}],"twitter_card":"summary_large_image","twitter_misc":{"Tiempo de lectura":"8 minutos"},"schema":{"@context":"https:\/\/schema.org","@graph":[{"@type":"WebPage","@id":"https:\/\/jtm-group.zyrgon.dev\/termos-condicoes\/","url":"https:\/\/jtm-group.zyrgon.dev\/termos-condicoes\/","name":"T\u00e9rminos y Condiciones | Pol\u00edtica de Privacidad | JTM Group","isPartOf":{"@id":"https:\/\/jtm-group.zyrgon.dev\/#website"},"primaryImageOfPage":{"@id":"https:\/\/jtm-group.zyrgon.dev\/termos-condicoes\/#primaryimage"},"image":{"@id":"https:\/\/jtm-group.zyrgon.dev\/termos-condicoes\/#primaryimage"},"thumbnailUrl":"https:\/\/jtm-group.zyrgon.dev\/wp-content\/uploads\/termos-e-condicoes-banner-new.jpg","datePublished":"2018-08-30T14:47:43+00:00","dateModified":"2021-06-29T10:33:12+00:00","description":"En esta p\u00e1gina del sitio web de JTM Group puede encontrar los T\u00e9rminos y Condiciones. Lea cuidadosamente para asegurarse de que respeta nuestro Grupo.","breadcrumb":{"@id":"https:\/\/jtm-group.zyrgon.dev\/termos-condicoes\/#breadcrumb"},"inLanguage":"es","potentialAction":[{"@type":"ReadAction","target":["https:\/\/jtm-group.zyrgon.dev\/termos-condicoes\/"]}]},{"@type":"ImageObject","inLanguage":"es","@id":"https:\/\/jtm-group.zyrgon.dev\/termos-condicoes\/#primaryimage","url":"https:\/\/jtm-group.zyrgon.dev\/wp-content\/uploads\/termos-e-condicoes-banner-new.jpg","contentUrl":"https:\/\/jtm-group.zyrgon.dev\/wp-content\/uploads\/termos-e-condicoes-banner-new.jpg","width":1500,"height":500,"caption":"T\u00e9rminos y Condiciones"},{"@type":"BreadcrumbList","@id":"https:\/\/jtm-group.zyrgon.dev\/termos-condicoes\/#breadcrumb","itemListElement":[{"@type":"ListItem","position":1,"name":"In\u00edcio","item":"https:\/\/jtm-group.zyrgon.dev\/"},{"@type":"ListItem","position":2,"name":"T\u00e9rminos y Condiciones"}]},{"@type":"WebSite","@id":"https:\/\/jtm-group.zyrgon.dev\/#website","url":"https:\/\/jtm-group.zyrgon.dev\/","name":"JTM Group","description":"When there is a will, there is a way...","publisher":{"@id":"https:\/\/jtm-group.zyrgon.dev\/#organization"},"potentialAction":[{"@type":"SearchAction","target":{"@type":"EntryPoint","urlTemplate":"https:\/\/jtm-group.zyrgon.dev\/?s={search_term_string}"},"query-input":"required name=search_term_string"}],"inLanguage":"es"},{"@type":"Organization","@id":"https:\/\/jtm-group.zyrgon.dev\/#organization","name":"JTM Group","url":"https:\/\/jtm-group.zyrgon.dev\/","logo":{"@type":"ImageObject","inLanguage":"es","@id":"https:\/\/jtm-group.zyrgon.dev\/#\/schema\/logo\/image\/","url":"https:\/\/jtm-group.zyrgon.dev\/wp-content\/uploads\/logo_black.png","contentUrl":"https:\/\/jtm-group.zyrgon.dev\/wp-content\/uploads\/logo_black.png","width":175,"height":78,"caption":"JTM Group"},"image":{"@id":"https:\/\/jtm-group.zyrgon.dev\/#\/schema\/logo\/image\/"}}]}},"_links":{"self":[{"href":"https:\/\/jtm-group.zyrgon.dev\/es\/wp-json\/wp\/v2\/pages\/2353"}],"collection":[{"href":"https:\/\/jtm-group.zyrgon.dev\/es\/wp-json\/wp\/v2\/pages"}],"about":[{"href":"https:\/\/jtm-group.zyrgon.dev\/es\/wp-json\/wp\/v2\/types\/page"}],"author":[{"embeddable":true,"href":"https:\/\/jtm-group.zyrgon.dev\/es\/wp-json\/wp\/v2\/users\/2"}],"replies":[{"embeddable":true,"href":"https:\/\/jtm-group.zyrgon.dev\/es\/wp-json\/wp\/v2\/comments?post=2353"}],"version-history":[{"count":0,"href":"https:\/\/jtm-group.zyrgon.dev\/es\/wp-json\/wp\/v2\/pages\/2353\/revisions"}],"wp:featuredmedia":[{"embeddable":true,"href":"https:\/\/jtm-group.zyrgon.dev\/es\/wp-json\/wp\/v2\/media\/4370"}],"wp:attachment":[{"href":"https:\/\/jtm-group.zyrgon.dev\/es\/wp-json\/wp\/v2\/media?parent=2353"}],"curies":[{"name":"wp","href":"https:\/\/api.w.org\/{rel}","templated":true}]}}