{"id":2347,"date":"2018-08-30T14:50:47","date_gmt":"2018-08-30T14:50:47","guid":{"rendered":"http:\/\/localhost\/jtmgroup\/politica-de-privacidade\/"},"modified":"2021-06-29T10:11:35","modified_gmt":"2021-06-29T10:11:35","slug":"politica-de-privacidad","status":"publish","type":"page","link":"https:\/\/jtm-group.zyrgon.dev\/es\/politica-de-privacidad\/","title":{"rendered":"Pol\u00edtica de Privacidad"},"content":{"rendered":"<p>JTM Group garantiza que todos sus datos ser\u00e1n tratados de acuerdo con las normas pertinentes de la Comunidad Europea. El objetivo de nuestra pol\u00edtica de privacidad es describir exhaustivamente los diversos tipos de informaci\u00f3n recogida durante su interacci\u00f3n con el sitio web y explicar c\u00f3mo utilizamos esa informaci\u00f3n.<\/p>\n<p>Informaci\u00f3n recogida<br \/>\nEn el alcance de la utilizaci\u00f3n de nuestro sitio web el usuario puede transmitir varios datos personales, como por ejemplo el nombre, e-mail, n\u00famero de tel\u00e9fono y \/ o tel\u00e9fono m\u00f3vil, entre otros. La comunicaci\u00f3n de estos datos es opcional y de la entera responsabilidad del usuario.<\/p>\n<p>Recogemos informaci\u00f3n sobre usted cuando propone una solicitud de contacto para un servicio, cuando llama o cuando suscribe nuestro bolet\u00edn mensual.<\/p>\n<p>Los datos personales recogidos son los necesarios para la finalidad por la cual nos contact\u00f3, trat\u00e1ndose en este \u00e1mbito datos como el nombre, la direcci\u00f3n, el n\u00famero de tel\u00e9fono, la direcci\u00f3n de correo electr\u00f3nico, el asunto, el NIF (en el caso de una transacci\u00f3n comercial) y, el documento de identificaci\u00f3n (en el caso del ejercicio de un derecho). Al disponer sus datos personales, est\u00e1 autorizando la recogida, uso y divulgaci\u00f3n de los mismos de acuerdo con las reglas aqu\u00ed definidas.<\/p>\n<p>Le pedimos que no env\u00ede o comparta con JTM Group cualquier informaci\u00f3n personal sensible como el origen racial o \u00e9tnico, las opiniones pol\u00edticas, las convicciones religiosas o filos\u00f3ficas, o la filiaci\u00f3n sindical, as\u00ed como datos gen\u00e9ticos, datos biom\u00e9tricos, datos relativos a la salud o datos relativos a la vida sexual u orientaci\u00f3n sexual.<\/p>\n<p>En cada acceso a nuestro sitio web y contenidos de contenido, se gravan datos de acceso en forma de protocolo. Cada registro podr\u00e1 incluir los siguientes datos:<\/p>\n<ul>\n<li>El sitio web desde el que se consulta nuestra p\u00e1gina;<\/li>\n<li>La direcci\u00f3n IP;<\/li>\n<li>La fecha \/ hora de acceso;<\/li>\n<li>La solicitud del cliente;<\/li>\n<li>El c\u00f3digo de respuesta http;<\/li>\n<li>La cantidad de datos transmitidos;<\/li>\n<li>Informaci\u00f3n sobre el explorador y el sistema operativo utilizado.<\/li>\n<\/ul>\n<p>La informaci\u00f3n recopilada, se utilizar\u00e1 para hacer su visita en nuestro sitio lo m\u00e1s productiva y agradable posible. La garant\u00eda de confidencialidad de los datos personales de los usuarios de nuestro sitio es importante para JTM Group.<\/p>\n<p>La informaci\u00f3n relativa a clientes, miembros, abonados o visitantes que utilicen el sitio web www.jtmsa.com ser\u00e1 tratada de conformidad con el Reglamento General de Protecci\u00f3n de Datos de 25 de mayo de 2018 que sustituye a la Ley de Protecci\u00f3n de Datos del 26 de octubre de 1998 (Ley n\u00ba 67\/98).<\/p>\n<h4>\u00bfDe que forma usamos su informaci\u00f3n?<\/h4>\n<p>Los datos recogidos en nuestro sitio web sirven para procesar su solicitud y, si est\u00e1 de acuerdo, enviarle por correo electr\u00f3nico informaci\u00f3n sobre art\u00edculos sobre marketing, productos y servicios que pensamos que son de su inter\u00e9s.<\/p>\n<p>Utilizamos la informaci\u00f3n recogida del sitio web para personalizar sus pr\u00f3ximas visitas a nuestro sitio web.<\/p>\n<p>JTM Group no comparte su informaci\u00f3n para campa\u00f1as de marketing con empresas externas ni transfiere sus datos personales a un tercer pa\u00eds.<\/p>\n<p>Tiene el derecho de presentar una reclamaci\u00f3n a una Autoridad de Control de la Uni\u00f3n Europea en relaci\u00f3n con la protecci\u00f3n de sus Datos Personales. JTM Group prestar\u00e1 su colaboraci\u00f3n a la Autoridad de Control facilit\u00e1ndole toda la informaci\u00f3n que, en el ejercicio de sus competencias, le sea solicitada.<\/p>\n<p>Como Titular de sus Datos Personales, tiene el derecho de acceso, rectificaci\u00f3n, eliminaci\u00f3n (derecho a ser olvidado), restricci\u00f3n del tratamiento y portabilidad y de oponerse al tratamiento de los datos personales, de conformidad con el Reglamento General sobre la protecci\u00f3n de datos.<\/p>\n<p>Si desea ejercer sus derechos, debe ponerse en contacto con nosotros por escrito, por correo electr\u00f3nico o por correo postal a la direcci\u00f3n de la central. Para garantizar su protecci\u00f3n, puede solicitarse la prueba de su identidad.<\/p>\n<h4>Cookies<\/h4>\n<p>Las cookies se utilizan para almacenar informaci\u00f3n, como sus preferencias cuando visita nuestro sitio web. Una cookie es una secuencia de informaci\u00f3n en texto que un sitio transfiere al archivo cookie del navegador en el disco duro de su ordenador, permitiendo que el sitio pueda recordar qui\u00e9n es usted. Las cookies ayudan a un sitio web a organizar contenido para adaptarse m\u00e1s r\u00e1pidamente a sus intereses: la mayor\u00eda de los sitios web utilizan cookies. Solo las cookies no se pueden utilizar para identificarlo.<\/p>\n<p>Sin embargo, esto puede cambiar de alguna forma la forma de interacci\u00f3n con nuestro sitio web, u otros sitios web. Estas acciones pueden afectar o no permitir que inicies sesi\u00f3n en software, sitios web de nuestra y otras redes.<\/p>\n<ul>\n<li>Cookies propias: una cookie gestionada por este dominio \/ sitio web.<\/li>\n<li>Cookies de terceros: una cookie gestionada por otro dominio \/ sitio web.<\/li>\n<li>Cookies persistentes: la informaci\u00f3n de la cookie se almacena permanentemente en su equipo.<\/li>\n<li>Cookies de sesi\u00f3n: la informaci\u00f3n de la cookie no se almacena permanentemente en su equipo.<\/li>\n<\/ul>\n<p>JTM Group utiliza cookies de sesi\u00f3n (cookies y cookies) y cookies persistentes (cookies persistentes) y cookies de terceros (cookies de terceros).<\/p>\n<p>Tipos de cookies seg\u00fan la finalidad de uso:<\/p>\n<ul>\n<li>Cookies t\u00e9cnicos: son aquellos que permiten navegar a trav\u00e9s de un dominio \/ sitio web, utilizando las diferentes opciones o servicios como, por ejemplo, identificar la sesi\u00f3n, acceder a \u00e1reas de acceso restringido y realizar el proceso de una solicitud de compra.<\/li>\n<li>Cookies de personalizaci\u00f3n: son aquellos que permiten acceder al dominio \/ sitio web con algunas caracter\u00edsticas predefinidas en funci\u00f3n de un conjunto de decisiones tomadas, como por ejemplo la lengua utilizada.<\/li>\n<li>Cookies de an\u00e1lisis: son aquellos que permiten la monitorizaci\u00f3n y an\u00e1lisis del comportamiento de los usuarios de sitios web a los que est\u00e1n vinculados. La informaci\u00f3n recogida a trav\u00e9s de tales cookies se utiliza, por ejemplo, para medir la actividad de los sitios web y elaborar perfiles de navegaci\u00f3n.<\/li>\n<li>Cookies publicitarias: son aquellos que permiten la gesti\u00f3n de la forma m\u00e1s eficiente de espacios publicitarios basados \u200b\u200ben criterios como el contenido editado o la frecuencia en que se exhiben los anuncios.<\/li>\n<li>Cookies de publicidad conductual: son aquellos que permiten la gesti\u00f3n de la forma m\u00e1s eficaz posible de espacios publicitarios. Estas cookies almacenan informaci\u00f3n sobre el comportamiento del usuario, obtenidas mediante la observaci\u00f3n continua de sus h\u00e1bitos de navegaci\u00f3n, permitiendo desarrollar un perfil espec\u00edfico para mostrar anuncios basados \u200b\u200ben este.<\/li>\n<\/ul>\n<p>JTM Group utiliza Cookies t\u00e9cnicas, Cookies de personalizaci\u00f3n y Cookies de an\u00e1lisis; no utiliza Cookies publicitarias ni Cookies de publicidad conductual.<\/p>\n<p>La informaci\u00f3n sobre las cookies es controlada y accedida por el propietario del sitio web.<\/p>\n<table>\n<thead>\n<tr>\n<th>Nombre de la Cookie<\/th>\n<th>Finalidad<\/th>\n<th>Dura\u00e7\u00e3o<\/th>\n<th>Dominio<\/th>\n<th>Especie<\/th>\n<\/tr>\n<\/thead>\n<tbody>\n<tr>\n<td>_ga<\/td>\n<td>Cookie utilizado por el software de Google Analytics para distinguir usuarios \u00fanicos para recopilar datos b\u00e1sicos sobre \u00e9l mismo y el sitio web.<\/td>\n<td>2 a\u00f1os<\/td>\n<td>www.jtmsa.com<\/td>\n<td>an\u00e1lisis<\/td>\n<\/tr>\n<tr>\n<td>_gat<\/td>\n<td>Cookie utilizado por el software de Google Analytics para limitar el n\u00famero de solicitudes a un sitio web; para limitar la recogida de datos.<\/td>\n<td>10 Minutos<\/td>\n<td>www.jtmsa.com<\/td>\n<td>Rendimiento<\/td>\n<\/tr>\n<tr>\n<td>_gid<\/td>\n<td>Nueva cookie de primavera de 2017, utilizada por la aplicaci\u00f3n Google Analytics para guardar un valor especial para cada p\u00e1gina visitada dentro de un sitio web.<\/td>\n<td>24 Horas<\/td>\n<td>www.jtmsa.com<\/td>\n<td>An\u00e1lisis<\/td>\n<\/tr>\n<tr>\n<td>__cfduid<\/td>\n<td>Cookie utilizado por Cloudflare para identificar clientes individuales a usar IPs compartidos y aplicar m\u00e9todos de seguridad a cada uno.<\/td>\n<td>1 a\u00f1o<\/td>\n<td>addtoany.com \/ jquery.com<\/td>\n<td>Seguridad<\/td>\n<\/tr>\n<tr>\n<td>uvc<\/td>\n<td>Cookie utilizado por el servicio Add To Any. Sirve para contar las veces que el servicio encuentra al usuario en el mismo sitio web.<\/td>\n<td>1 Mes<\/td>\n<td>addtoany.com<\/td>\n<td>An\u00e1lisis<\/td>\n<\/tr>\n<\/tbody>\n<\/table>\n<p>Adem\u00e1s de las cookies, algunas de nuestras p\u00e1ginas en Internet y mensajes HTML integran \u00abpixel tags\u00bb (marcadores) que nos permiten seguir los pasos de los usuarios en nuestros sitios y de los destinatarios de nuestras comunicaciones. Estos marcadores se utilizan para recopilar datos, no identificables como personales y otra informaci\u00f3n que puede utilizarse para mejorar los servicios que ofrecemos a quienes nos visitan.<\/p>\n<h4>Conexiones a los sitios web de terceros<\/h4>\n<p>JTM Group tiene enlaces externos a otros sitios, que pueden contener informaci\u00f3n o herramientas \u00fatiles para los visitantes. La pol\u00edtica de privacidad de www.jtmsa.com no se aplica a los sitios web de terceros, por lo que cuando visite estos sitios desde el nuestro deber\u00e1 leer sus pol\u00edticas de privacidad. No nos responsabilizamos por las pol\u00edticas de privacidad o contenido presente en esos mismos sitios.<\/p>\n<h4>Campa\u00f1as y Marketing<\/h4>\n<p>JTM Group utiliza correo electr\u00f3nico de marketing para comunicarse con sus clientes y clientes potenciales a menudo. Todas las campa\u00f1as por nosotros desarrolladas son de \u00abopt-in\u00bb significando que no se enviar\u00e1 ning\u00fan email a menos que el usuario haya confirmado su inter\u00e9s en recibir ese tipo de comunicaci\u00f3n.<\/p>\n<h4>Actualizaci\u00f3n de la pol\u00edtica de privacidad<\/h4>\n<p>Nuestras pol\u00edticas de privacidad se revisan regularmente y todos los cambios se publicar\u00e1n en este sitio web. Si tiene alguna pregunta sobre nuestra pol\u00edtica de privacidad, no dude en ponerse en contacto con nosotros.<\/p>\n","protected":false},"excerpt":{"rendered":"<p class=\"post-excerpt\">JTM Group garantiza que todos sus datos ser\u00e1n tratados de acuerdo con las normas pertinentes&#8230;<\/p>\n","protected":false},"author":2,"featured_media":4353,"parent":0,"menu_order":0,"comment_status":"closed","ping_status":"closed","template":"","meta":{"_acf_changed":false,"footnotes":""},"acf":[],"yoast_head":"<!-- This site is optimized with the Yoast SEO plugin v23.0 - https:\/\/yoast.com\/wordpress\/plugins\/seo\/ -->\n<title>Pol\u00edtica de Privacidad | Pol\u00edtica de Cookies | JTM Group<\/title>\n<meta name=\"description\" content=\"Conozca la pol\u00edtica de privacidad de JTM Group. La informaci\u00f3n recopilada sirve para hacer su visita lo m\u00e1s agradable posible.\" \/>\n<meta name=\"robots\" content=\"noindex, follow, max-snippet:-1, max-image-preview:large, max-video-preview:-1\" \/>\n<meta property=\"og:locale\" content=\"es_ES\" \/>\n<meta property=\"og:type\" content=\"article\" \/>\n<meta property=\"og:title\" content=\"Pol\u00edtica de Privacidad | Pol\u00edtica de Cookies | JTM Group\" \/>\n<meta property=\"og:description\" content=\"Conozca la pol\u00edtica de privacidad de JTM Group. La informaci\u00f3n recopilada sirve para hacer su visita lo m\u00e1s agradable posible.\" \/>\n<meta property=\"og:url\" content=\"https:\/\/jtm-group.zyrgon.dev\/politica-de-privacidade\/\" \/>\n<meta property=\"og:site_name\" content=\"JTM Group\" \/>\n<meta property=\"article:modified_time\" content=\"2021-06-29T10:11:35+00:00\" \/>\n<meta property=\"og:image\" content=\"https:\/\/jtm-group.zyrgon.dev\/wp-content\/uploads\/politica-de-privacidade-banner-new.jpg\" \/>\n\t<meta property=\"og:image:width\" content=\"1500\" \/>\n\t<meta property=\"og:image:height\" content=\"500\" \/>\n\t<meta property=\"og:image:type\" content=\"image\/jpeg\" \/>\n<meta name=\"twitter:card\" content=\"summary_large_image\" \/>\n<meta name=\"twitter:label1\" content=\"Tiempo de lectura\" \/>\n\t<meta name=\"twitter:data1\" content=\"8 minutos\" \/>\n<script type=\"application\/ld+json\" class=\"yoast-schema-graph\">{\"@context\":\"https:\/\/schema.org\",\"@graph\":[{\"@type\":\"WebPage\",\"@id\":\"https:\/\/jtm-group.zyrgon.dev\/politica-de-privacidade\/\",\"url\":\"https:\/\/jtm-group.zyrgon.dev\/politica-de-privacidade\/\",\"name\":\"Pol\u00edtica de Privacidad | Pol\u00edtica de Cookies | JTM Group\",\"isPartOf\":{\"@id\":\"https:\/\/jtm-group.zyrgon.dev\/#website\"},\"primaryImageOfPage\":{\"@id\":\"https:\/\/jtm-group.zyrgon.dev\/politica-de-privacidade\/#primaryimage\"},\"image\":{\"@id\":\"https:\/\/jtm-group.zyrgon.dev\/politica-de-privacidade\/#primaryimage\"},\"thumbnailUrl\":\"https:\/\/jtm-group.zyrgon.dev\/wp-content\/uploads\/politica-de-privacidade-banner-new.jpg\",\"datePublished\":\"2018-08-30T14:50:47+00:00\",\"dateModified\":\"2021-06-29T10:11:35+00:00\",\"description\":\"Conozca la pol\u00edtica de privacidad de JTM Group. La informaci\u00f3n recopilada sirve para hacer su visita lo m\u00e1s agradable posible.\",\"breadcrumb\":{\"@id\":\"https:\/\/jtm-group.zyrgon.dev\/politica-de-privacidade\/#breadcrumb\"},\"inLanguage\":\"es\",\"potentialAction\":[{\"@type\":\"ReadAction\",\"target\":[\"https:\/\/jtm-group.zyrgon.dev\/politica-de-privacidade\/\"]}]},{\"@type\":\"ImageObject\",\"inLanguage\":\"es\",\"@id\":\"https:\/\/jtm-group.zyrgon.dev\/politica-de-privacidade\/#primaryimage\",\"url\":\"https:\/\/jtm-group.zyrgon.dev\/wp-content\/uploads\/politica-de-privacidade-banner-new.jpg\",\"contentUrl\":\"https:\/\/jtm-group.zyrgon.dev\/wp-content\/uploads\/politica-de-privacidade-banner-new.jpg\",\"width\":1500,\"height\":500,\"caption\":\"Pol\u00edtica de Privacidad\"},{\"@type\":\"BreadcrumbList\",\"@id\":\"https:\/\/jtm-group.zyrgon.dev\/politica-de-privacidade\/#breadcrumb\",\"itemListElement\":[{\"@type\":\"ListItem\",\"position\":1,\"name\":\"In\u00edcio\",\"item\":\"https:\/\/jtm-group.zyrgon.dev\/\"},{\"@type\":\"ListItem\",\"position\":2,\"name\":\"Pol\u00edtica de Privacidad\"}]},{\"@type\":\"WebSite\",\"@id\":\"https:\/\/jtm-group.zyrgon.dev\/#website\",\"url\":\"https:\/\/jtm-group.zyrgon.dev\/\",\"name\":\"JTM Group\",\"description\":\"When there is a will, there is a way...\",\"publisher\":{\"@id\":\"https:\/\/jtm-group.zyrgon.dev\/#organization\"},\"potentialAction\":[{\"@type\":\"SearchAction\",\"target\":{\"@type\":\"EntryPoint\",\"urlTemplate\":\"https:\/\/jtm-group.zyrgon.dev\/?s={search_term_string}\"},\"query-input\":\"required name=search_term_string\"}],\"inLanguage\":\"es\"},{\"@type\":\"Organization\",\"@id\":\"https:\/\/jtm-group.zyrgon.dev\/#organization\",\"name\":\"JTM Group\",\"url\":\"https:\/\/jtm-group.zyrgon.dev\/\",\"logo\":{\"@type\":\"ImageObject\",\"inLanguage\":\"es\",\"@id\":\"https:\/\/jtm-group.zyrgon.dev\/#\/schema\/logo\/image\/\",\"url\":\"https:\/\/jtm-group.zyrgon.dev\/wp-content\/uploads\/logo_black.png\",\"contentUrl\":\"https:\/\/jtm-group.zyrgon.dev\/wp-content\/uploads\/logo_black.png\",\"width\":175,\"height\":78,\"caption\":\"JTM Group\"},\"image\":{\"@id\":\"https:\/\/jtm-group.zyrgon.dev\/#\/schema\/logo\/image\/\"}}]}<\/script>\n<!-- \/ Yoast SEO plugin. -->","yoast_head_json":{"title":"Pol\u00edtica de Privacidad | Pol\u00edtica de Cookies | JTM Group","description":"Conozca la pol\u00edtica de privacidad de JTM Group. La informaci\u00f3n recopilada sirve para hacer su visita lo m\u00e1s agradable posible.","robots":{"index":"noindex","follow":"follow","max-snippet":"max-snippet:-1","max-image-preview":"max-image-preview:large","max-video-preview":"max-video-preview:-1"},"og_locale":"es_ES","og_type":"article","og_title":"Pol\u00edtica de Privacidad | Pol\u00edtica de Cookies | JTM Group","og_description":"Conozca la pol\u00edtica de privacidad de JTM Group. La informaci\u00f3n recopilada sirve para hacer su visita lo m\u00e1s agradable posible.","og_url":"https:\/\/jtm-group.zyrgon.dev\/politica-de-privacidade\/","og_site_name":"JTM Group","article_modified_time":"2021-06-29T10:11:35+00:00","og_image":[{"width":1500,"height":500,"url":"https:\/\/jtm-group.zyrgon.dev\/wp-content\/uploads\/politica-de-privacidade-banner-new.jpg","type":"image\/jpeg"}],"twitter_card":"summary_large_image","twitter_misc":{"Tiempo de lectura":"8 minutos"},"schema":{"@context":"https:\/\/schema.org","@graph":[{"@type":"WebPage","@id":"https:\/\/jtm-group.zyrgon.dev\/politica-de-privacidade\/","url":"https:\/\/jtm-group.zyrgon.dev\/politica-de-privacidade\/","name":"Pol\u00edtica de Privacidad | Pol\u00edtica de Cookies | JTM Group","isPartOf":{"@id":"https:\/\/jtm-group.zyrgon.dev\/#website"},"primaryImageOfPage":{"@id":"https:\/\/jtm-group.zyrgon.dev\/politica-de-privacidade\/#primaryimage"},"image":{"@id":"https:\/\/jtm-group.zyrgon.dev\/politica-de-privacidade\/#primaryimage"},"thumbnailUrl":"https:\/\/jtm-group.zyrgon.dev\/wp-content\/uploads\/politica-de-privacidade-banner-new.jpg","datePublished":"2018-08-30T14:50:47+00:00","dateModified":"2021-06-29T10:11:35+00:00","description":"Conozca la pol\u00edtica de privacidad de JTM Group. La informaci\u00f3n recopilada sirve para hacer su visita lo m\u00e1s agradable posible.","breadcrumb":{"@id":"https:\/\/jtm-group.zyrgon.dev\/politica-de-privacidade\/#breadcrumb"},"inLanguage":"es","potentialAction":[{"@type":"ReadAction","target":["https:\/\/jtm-group.zyrgon.dev\/politica-de-privacidade\/"]}]},{"@type":"ImageObject","inLanguage":"es","@id":"https:\/\/jtm-group.zyrgon.dev\/politica-de-privacidade\/#primaryimage","url":"https:\/\/jtm-group.zyrgon.dev\/wp-content\/uploads\/politica-de-privacidade-banner-new.jpg","contentUrl":"https:\/\/jtm-group.zyrgon.dev\/wp-content\/uploads\/politica-de-privacidade-banner-new.jpg","width":1500,"height":500,"caption":"Pol\u00edtica de Privacidad"},{"@type":"BreadcrumbList","@id":"https:\/\/jtm-group.zyrgon.dev\/politica-de-privacidade\/#breadcrumb","itemListElement":[{"@type":"ListItem","position":1,"name":"In\u00edcio","item":"https:\/\/jtm-group.zyrgon.dev\/"},{"@type":"ListItem","position":2,"name":"Pol\u00edtica de Privacidad"}]},{"@type":"WebSite","@id":"https:\/\/jtm-group.zyrgon.dev\/#website","url":"https:\/\/jtm-group.zyrgon.dev\/","name":"JTM Group","description":"When there is a will, there is a way...","publisher":{"@id":"https:\/\/jtm-group.zyrgon.dev\/#organization"},"potentialAction":[{"@type":"SearchAction","target":{"@type":"EntryPoint","urlTemplate":"https:\/\/jtm-group.zyrgon.dev\/?s={search_term_string}"},"query-input":"required name=search_term_string"}],"inLanguage":"es"},{"@type":"Organization","@id":"https:\/\/jtm-group.zyrgon.dev\/#organization","name":"JTM Group","url":"https:\/\/jtm-group.zyrgon.dev\/","logo":{"@type":"ImageObject","inLanguage":"es","@id":"https:\/\/jtm-group.zyrgon.dev\/#\/schema\/logo\/image\/","url":"https:\/\/jtm-group.zyrgon.dev\/wp-content\/uploads\/logo_black.png","contentUrl":"https:\/\/jtm-group.zyrgon.dev\/wp-content\/uploads\/logo_black.png","width":175,"height":78,"caption":"JTM Group"},"image":{"@id":"https:\/\/jtm-group.zyrgon.dev\/#\/schema\/logo\/image\/"}}]}},"_links":{"self":[{"href":"https:\/\/jtm-group.zyrgon.dev\/es\/wp-json\/wp\/v2\/pages\/2347"}],"collection":[{"href":"https:\/\/jtm-group.zyrgon.dev\/es\/wp-json\/wp\/v2\/pages"}],"about":[{"href":"https:\/\/jtm-group.zyrgon.dev\/es\/wp-json\/wp\/v2\/types\/page"}],"author":[{"embeddable":true,"href":"https:\/\/jtm-group.zyrgon.dev\/es\/wp-json\/wp\/v2\/users\/2"}],"replies":[{"embeddable":true,"href":"https:\/\/jtm-group.zyrgon.dev\/es\/wp-json\/wp\/v2\/comments?post=2347"}],"version-history":[{"count":0,"href":"https:\/\/jtm-group.zyrgon.dev\/es\/wp-json\/wp\/v2\/pages\/2347\/revisions"}],"wp:featuredmedia":[{"embeddable":true,"href":"https:\/\/jtm-group.zyrgon.dev\/es\/wp-json\/wp\/v2\/media\/4353"}],"wp:attachment":[{"href":"https:\/\/jtm-group.zyrgon.dev\/es\/wp-json\/wp\/v2\/media?parent=2347"}],"curies":[{"name":"wp","href":"https:\/\/api.w.org\/{rel}","templated":true}]}}