{"id":2323,"date":"2018-07-20T11:39:45","date_gmt":"2018-07-20T11:39:45","guid":{"rendered":"http:\/\/localhost\/jtmgroup\/inovacao\/"},"modified":"2021-06-29T12:45:14","modified_gmt":"2021-06-29T12:45:14","slug":"innovacion","status":"publish","type":"page","link":"https:\/\/jtm-group.zyrgon.dev\/es\/innovacion\/","title":{"rendered":"Innovaci\u00f3n"},"content":{"rendered":"","protected":false},"excerpt":{"rendered":"","protected":false},"author":2,"featured_media":3750,"parent":0,"menu_order":0,"comment_status":"closed","ping_status":"closed","template":"template-blocos.php","meta":{"_acf_changed":false,"footnotes":""},"acf":[],"yoast_head":"<!-- This site is optimized with the Yoast SEO plugin v23.0 - https:\/\/yoast.com\/wordpress\/plugins\/seo\/ -->\n<title>Innovaci\u00f3n | Tecnolog\u00eda del M\u00e1s Alto Nivel | JTM Group<\/title>\n<meta name=\"description\" content=\"La innovaci\u00f3n al m\u00e1s alto nivel es la gran preocupaci\u00f3n de JTM Group. Estamos al lado de la tecnolog\u00eda avanzada para servir mejor a nuestros clientes.\" \/>\n<meta name=\"robots\" content=\"noindex, follow, max-snippet:-1, max-image-preview:large, max-video-preview:-1\" \/>\n<meta property=\"og:locale\" content=\"es_ES\" \/>\n<meta property=\"og:type\" content=\"article\" \/>\n<meta property=\"og:title\" content=\"Innovaci\u00f3n | Tecnolog\u00eda del M\u00e1s Alto Nivel | JTM Group\" \/>\n<meta property=\"og:description\" content=\"La innovaci\u00f3n al m\u00e1s alto nivel es la gran preocupaci\u00f3n de JTM Group. Estamos al lado de la tecnolog\u00eda avanzada para servir mejor a nuestros clientes.\" \/>\n<meta property=\"og:url\" content=\"https:\/\/jtm-group.zyrgon.dev\/inovacao\/\" \/>\n<meta property=\"og:site_name\" content=\"JTM Group\" \/>\n<meta property=\"article:modified_time\" content=\"2021-06-29T12:45:14+00:00\" \/>\n<meta property=\"og:image\" content=\"https:\/\/jtm-group.zyrgon.dev\/wp-content\/uploads\/inovacao-na-jtm.jpg\" \/>\n\t<meta property=\"og:image:width\" content=\"1500\" \/>\n\t<meta property=\"og:image:height\" content=\"500\" \/>\n\t<meta property=\"og:image:type\" content=\"image\/jpeg\" \/>\n<meta name=\"twitter:card\" content=\"summary_large_image\" \/>\n<script type=\"application\/ld+json\" class=\"yoast-schema-graph\">{\"@context\":\"https:\/\/schema.org\",\"@graph\":[{\"@type\":\"WebPage\",\"@id\":\"https:\/\/jtm-group.zyrgon.dev\/inovacao\/\",\"url\":\"https:\/\/jtm-group.zyrgon.dev\/inovacao\/\",\"name\":\"Innovaci\u00f3n | Tecnolog\u00eda del M\u00e1s Alto Nivel | JTM Group\",\"isPartOf\":{\"@id\":\"https:\/\/jtm-group.zyrgon.dev\/#website\"},\"primaryImageOfPage\":{\"@id\":\"https:\/\/jtm-group.zyrgon.dev\/inovacao\/#primaryimage\"},\"image\":{\"@id\":\"https:\/\/jtm-group.zyrgon.dev\/inovacao\/#primaryimage\"},\"thumbnailUrl\":\"https:\/\/jtm-group.zyrgon.dev\/wp-content\/uploads\/inovacao-na-jtm.jpg\",\"datePublished\":\"2018-07-20T11:39:45+00:00\",\"dateModified\":\"2021-06-29T12:45:14+00:00\",\"description\":\"La innovaci\u00f3n al m\u00e1s alto nivel es la gran preocupaci\u00f3n de JTM Group. Estamos al lado de la tecnolog\u00eda avanzada para servir mejor a nuestros clientes.\",\"breadcrumb\":{\"@id\":\"https:\/\/jtm-group.zyrgon.dev\/inovacao\/#breadcrumb\"},\"inLanguage\":\"es\",\"potentialAction\":[{\"@type\":\"ReadAction\",\"target\":[\"https:\/\/jtm-group.zyrgon.dev\/inovacao\/\"]}]},{\"@type\":\"ImageObject\",\"inLanguage\":\"es\",\"@id\":\"https:\/\/jtm-group.zyrgon.dev\/inovacao\/#primaryimage\",\"url\":\"https:\/\/jtm-group.zyrgon.dev\/wp-content\/uploads\/inovacao-na-jtm.jpg\",\"contentUrl\":\"https:\/\/jtm-group.zyrgon.dev\/wp-content\/uploads\/inovacao-na-jtm.jpg\",\"width\":1500,\"height\":500,\"caption\":\"Inova\u00e7\u00e3o na JTM\"},{\"@type\":\"BreadcrumbList\",\"@id\":\"https:\/\/jtm-group.zyrgon.dev\/inovacao\/#breadcrumb\",\"itemListElement\":[{\"@type\":\"ListItem\",\"position\":1,\"name\":\"In\u00edcio\",\"item\":\"https:\/\/jtm-group.zyrgon.dev\/\"},{\"@type\":\"ListItem\",\"position\":2,\"name\":\"Innovaci\u00f3n\"}]},{\"@type\":\"WebSite\",\"@id\":\"https:\/\/jtm-group.zyrgon.dev\/#website\",\"url\":\"https:\/\/jtm-group.zyrgon.dev\/\",\"name\":\"JTM Group\",\"description\":\"When there is a will, there is a way...\",\"publisher\":{\"@id\":\"https:\/\/jtm-group.zyrgon.dev\/#organization\"},\"potentialAction\":[{\"@type\":\"SearchAction\",\"target\":{\"@type\":\"EntryPoint\",\"urlTemplate\":\"https:\/\/jtm-group.zyrgon.dev\/?s={search_term_string}\"},\"query-input\":\"required name=search_term_string\"}],\"inLanguage\":\"es\"},{\"@type\":\"Organization\",\"@id\":\"https:\/\/jtm-group.zyrgon.dev\/#organization\",\"name\":\"JTM Group\",\"url\":\"https:\/\/jtm-group.zyrgon.dev\/\",\"logo\":{\"@type\":\"ImageObject\",\"inLanguage\":\"es\",\"@id\":\"https:\/\/jtm-group.zyrgon.dev\/#\/schema\/logo\/image\/\",\"url\":\"https:\/\/jtm-group.zyrgon.dev\/wp-content\/uploads\/logo_black.png\",\"contentUrl\":\"https:\/\/jtm-group.zyrgon.dev\/wp-content\/uploads\/logo_black.png\",\"width\":175,\"height\":78,\"caption\":\"JTM Group\"},\"image\":{\"@id\":\"https:\/\/jtm-group.zyrgon.dev\/#\/schema\/logo\/image\/\"}}]}<\/script>\n<!-- \/ Yoast SEO plugin. -->","yoast_head_json":{"title":"Innovaci\u00f3n | Tecnolog\u00eda del M\u00e1s Alto Nivel | JTM Group","description":"La innovaci\u00f3n al m\u00e1s alto nivel es la gran preocupaci\u00f3n de JTM Group. Estamos al lado de la tecnolog\u00eda avanzada para servir mejor a nuestros clientes.","robots":{"index":"noindex","follow":"follow","max-snippet":"max-snippet:-1","max-image-preview":"max-image-preview:large","max-video-preview":"max-video-preview:-1"},"og_locale":"es_ES","og_type":"article","og_title":"Innovaci\u00f3n | Tecnolog\u00eda del M\u00e1s Alto Nivel | JTM Group","og_description":"La innovaci\u00f3n al m\u00e1s alto nivel es la gran preocupaci\u00f3n de JTM Group. Estamos al lado de la tecnolog\u00eda avanzada para servir mejor a nuestros clientes.","og_url":"https:\/\/jtm-group.zyrgon.dev\/inovacao\/","og_site_name":"JTM Group","article_modified_time":"2021-06-29T12:45:14+00:00","og_image":[{"width":1500,"height":500,"url":"https:\/\/jtm-group.zyrgon.dev\/wp-content\/uploads\/inovacao-na-jtm.jpg","type":"image\/jpeg"}],"twitter_card":"summary_large_image","schema":{"@context":"https:\/\/schema.org","@graph":[{"@type":"WebPage","@id":"https:\/\/jtm-group.zyrgon.dev\/inovacao\/","url":"https:\/\/jtm-group.zyrgon.dev\/inovacao\/","name":"Innovaci\u00f3n | Tecnolog\u00eda del M\u00e1s Alto Nivel | JTM Group","isPartOf":{"@id":"https:\/\/jtm-group.zyrgon.dev\/#website"},"primaryImageOfPage":{"@id":"https:\/\/jtm-group.zyrgon.dev\/inovacao\/#primaryimage"},"image":{"@id":"https:\/\/jtm-group.zyrgon.dev\/inovacao\/#primaryimage"},"thumbnailUrl":"https:\/\/jtm-group.zyrgon.dev\/wp-content\/uploads\/inovacao-na-jtm.jpg","datePublished":"2018-07-20T11:39:45+00:00","dateModified":"2021-06-29T12:45:14+00:00","description":"La innovaci\u00f3n al m\u00e1s alto nivel es la gran preocupaci\u00f3n de JTM Group. Estamos al lado de la tecnolog\u00eda avanzada para servir mejor a nuestros clientes.","breadcrumb":{"@id":"https:\/\/jtm-group.zyrgon.dev\/inovacao\/#breadcrumb"},"inLanguage":"es","potentialAction":[{"@type":"ReadAction","target":["https:\/\/jtm-group.zyrgon.dev\/inovacao\/"]}]},{"@type":"ImageObject","inLanguage":"es","@id":"https:\/\/jtm-group.zyrgon.dev\/inovacao\/#primaryimage","url":"https:\/\/jtm-group.zyrgon.dev\/wp-content\/uploads\/inovacao-na-jtm.jpg","contentUrl":"https:\/\/jtm-group.zyrgon.dev\/wp-content\/uploads\/inovacao-na-jtm.jpg","width":1500,"height":500,"caption":"Inova\u00e7\u00e3o na JTM"},{"@type":"BreadcrumbList","@id":"https:\/\/jtm-group.zyrgon.dev\/inovacao\/#breadcrumb","itemListElement":[{"@type":"ListItem","position":1,"name":"In\u00edcio","item":"https:\/\/jtm-group.zyrgon.dev\/"},{"@type":"ListItem","position":2,"name":"Innovaci\u00f3n"}]},{"@type":"WebSite","@id":"https:\/\/jtm-group.zyrgon.dev\/#website","url":"https:\/\/jtm-group.zyrgon.dev\/","name":"JTM Group","description":"When there is a will, there is a way...","publisher":{"@id":"https:\/\/jtm-group.zyrgon.dev\/#organization"},"potentialAction":[{"@type":"SearchAction","target":{"@type":"EntryPoint","urlTemplate":"https:\/\/jtm-group.zyrgon.dev\/?s={search_term_string}"},"query-input":"required name=search_term_string"}],"inLanguage":"es"},{"@type":"Organization","@id":"https:\/\/jtm-group.zyrgon.dev\/#organization","name":"JTM Group","url":"https:\/\/jtm-group.zyrgon.dev\/","logo":{"@type":"ImageObject","inLanguage":"es","@id":"https:\/\/jtm-group.zyrgon.dev\/#\/schema\/logo\/image\/","url":"https:\/\/jtm-group.zyrgon.dev\/wp-content\/uploads\/logo_black.png","contentUrl":"https:\/\/jtm-group.zyrgon.dev\/wp-content\/uploads\/logo_black.png","width":175,"height":78,"caption":"JTM Group"},"image":{"@id":"https:\/\/jtm-group.zyrgon.dev\/#\/schema\/logo\/image\/"}}]}},"_links":{"self":[{"href":"https:\/\/jtm-group.zyrgon.dev\/es\/wp-json\/wp\/v2\/pages\/2323"}],"collection":[{"href":"https:\/\/jtm-group.zyrgon.dev\/es\/wp-json\/wp\/v2\/pages"}],"about":[{"href":"https:\/\/jtm-group.zyrgon.dev\/es\/wp-json\/wp\/v2\/types\/page"}],"author":[{"embeddable":true,"href":"https:\/\/jtm-group.zyrgon.dev\/es\/wp-json\/wp\/v2\/users\/2"}],"replies":[{"embeddable":true,"href":"https:\/\/jtm-group.zyrgon.dev\/es\/wp-json\/wp\/v2\/comments?post=2323"}],"version-history":[{"count":0,"href":"https:\/\/jtm-group.zyrgon.dev\/es\/wp-json\/wp\/v2\/pages\/2323\/revisions"}],"wp:featuredmedia":[{"embeddable":true,"href":"https:\/\/jtm-group.zyrgon.dev\/es\/wp-json\/wp\/v2\/media\/3750"}],"wp:attachment":[{"href":"https:\/\/jtm-group.zyrgon.dev\/es\/wp-json\/wp\/v2\/media?parent=2323"}],"curies":[{"name":"wp","href":"https:\/\/api.w.org\/{rel}","templated":true}]}}